{"id":61,"date":"2015-03-26T23:43:05","date_gmt":"2015-03-26T22:43:05","guid":{"rendered":"http:\/\/www.cyrillelallement.com\/?page_id=61"},"modified":"2026-01-13T12:51:35","modified_gmt":"2026-01-13T11:51:35","slug":"contact","status":"publish","type":"page","link":"https:\/\/www.cyrillelallement.com\/?page_id=61","title":{"rendered":"INFOS"},"content":{"rendered":"\n<div class=\"wp-block-group\"><div class=\"wp-block-group__inner-container is-layout-constrained wp-block-group-is-layout-constrained\">\n<p style=\"text-align: justify\"><div class=\"accordion\"><div class=\"panel panel-1 panel-active\"><h3 class=\"panel-title\"><a href=\"#\">BIO<\/a><\/h3><div class=\"panel-content\">Diplo\u0302me\u0301 de l\u2019e\u0301cole nationale supe\u0301rieure d\u2019architecture de Paris La Villette, Cyrille Lallement est photographe et vide\u0301aste. De\u0300s ses e\u0301tudes, il de\u0301veloppe un travail personnel, auquel il se consacre finalement entie\u0300rement. Il vise a\u0300 explorer l\u2019espace liminal qui se trouve a\u0300 la convergence de l\u2019humain, de l\u2019environnement naturel et de l\u2019urbanite\u0301. Ses images cherchent a\u0300 magnifier des lieux apparemment peu signifiants ou ordinaires pour en re\u0301ve\u0301ler la fragilite\u0301, mais aussi la beaute\u0301 intrinse\u0300que. Elles rendent compte de lieux confronte\u0301s a\u0300 la disparition et a\u0300 la de\u0301she\u0301rence me\u0301morielle. Son travail a notamment e\u0301te\u0301 prime\u0301 lors de l\u2019\u00e9dition 2024 de Archifoto et pre\u0301sente\u0301 au Muse\u0301e de l\u2019Elyse\u0301e a\u0300 Lausanne en 2016. En parall\u00e8le, il r\u00e9alise des photographies et des vid\u00e9os sur l\u2019art \u00e0 destination des artistes sur leurs \u0153uvres et leurs installations et sur l\u2019architecture pour les architectes et les acteurs du monde de l&rsquo;architecture sur leurs projets r\u00e9alis\u00e9s.<\/p>\n<p style=\"text-align: left\"><em>Cyrille Lallement is a freelance photographer and filmmaker producing reports for artists and architectural firms. Besides those activities, he is currently developing his own creative work.<\/em><\/div><\/div><div class=\"panel panel-2\"><h3 class=\"panel-title\"><a href=\"#\">CV<\/a><\/h3><div class=\"panel-content\">EXPOSITIONS<\/p>\n<p>\u2022Baustelle architektur, CCF, Freiburg, 2025<br \/>\u2022Archifoto 7e \u00e9dition, La Chambre, Strasbourg, 2024<br \/>\u2022Carnets de chantiers en pays de Loire \u2013 Regards sensibles sur l&rsquo;architecture, Angers, 2021<br \/>\u2022Ensemble(s) convivialit\u00e9s contemporaines, Grande Galerie, Nantes, 2020<br \/>\u2022Anonymats d&rsquo;aujourd&rsquo;hui, Mus\u00e9e de l&rsquo;Elys\u00e9e, Lausanne, 2016<br \/>\u2022Ghost Towns, Espaces Atypiques, Paris, 2015<br \/>\u2022Plongeon Immobile, Galerie Duboys, Paris, 2015<br \/>\u2022Black Box Projects, Brenda May Gallery, Sydney, 2014<br \/>\u2022Nouveau Paysage, Galerie Bino\u0302me, Paris, 2014<\/p>\n<p>PRIX<\/p>\n<p>\u2022Laure\u0301at du Prix Archifoto 2024<br \/>\u2022Laure\u0301at du Prix du Public Les Nuits Photographiques 2013<\/p>\n<p>FESTIVALS<\/p>\n<p>\u2022Itin\u00e9raires des Photographes Voyageurs, Bordeaux, 2020<br \/>\u2022Fotofestiwal, Lodz, 2017<br \/>\u2022Projection, Sunday&rsquo;s Screening #12, Galerie Duboys, Paris, 2015<br \/>\u2022La Nuit des Images, Mus\u00e9e de l&rsquo;Elys\u00e9e, Lausanne, 2014<br \/>\u2022Head On Festival, Sydney, 2014<br \/>\u2022Arquitectura Film Festival, Santiago, 2013<br \/>\u2022Arquitectura Film Festival, Lisbonne, 2013<br \/>\u2022Les Rencontres Photos, Cin\u00e9mas Actes Sud, Arles, 2013<br \/>\u2022Les Nuits Photographiques, Pavillon Carr\u00e9 Baudoin, Paris, 2013<br \/>\u2022CINECITY Architectural Film Project, Melbourne, 2013<\/p>\n<p>PUBLICATIONS<\/p>\n<p>Architectural Record<br \/>AD magazine<br \/>AMC<br \/>Architectures \u00e0 Vivre<br \/>Architecture d&rsquo;Aujourd&rsquo;hui<br \/>Exe<br \/>Construction Moderne<br \/>D\u2019architectures<br \/>Detail<br \/>Le Moniteur<\/p>\n<p>COLLABORATIONS<\/p>\n<p>Architectures Back Caclin Studio<br \/>Atelier Nord Sud<br \/>Jean Baptiste Bouvet<br \/>Compact<br \/>Laurence Cheret<br \/>Devillers &amp; associ\u00e9s<br \/>Dor\u00e9 Scalabre<br \/>Eliet Lehmann<br \/>B\u00e9rang\u00e8re Giaux<br \/>GSMA<br \/>Golem Digital<br \/>Herard &amp; da Costa<br \/>JTB architecture<br \/>Kardham<br \/>KB architecture<br \/>Maxime Lecuyer<br \/>Lambert Lenack<br \/>Karine Levy<br \/>Tarik Meziane<br \/>Marc Mimram<br \/>Mobile Architectural Office<br \/>Modal architecture<br \/>M Moser associates<br \/>NU architecture &amp; ing\u00e9nierie<br \/>Platane Ilic<br \/>Pace architecture<br \/>RIVP<br \/>Gali Sulukjan<br \/>Ramses Salazar<br \/>SKP architecture<br \/>TACT architectes<br \/>Tect\u014dne<br \/>VIB architecture<br \/>Vinci Immobilier<br \/>Wy-To architects<\/p>\n<p>Ann\u00e9e Z\u00e9ro sur la s\u00e9rie \u00ab\u00a0Paris Architectures\u00a0\u00bb du Pavillon de l&rsquo;Arsenal<\/div><\/div><div class=\"panel panel-3\"><h3 class=\"panel-title\"><a href=\"#\">CONTACT<\/a><\/h3><div class=\"panel-content\">Paris, France<br \/>06 87 58 57 00<br \/>bonjour [ (a) ] cyrillelallement (.) com<\/div><\/div><div class=\"panel panel-4\"><h3 class=\"panel-title\"><a href=\"#\">COPYRIGHT<\/a><\/h3><div class=\"panel-content\">Toute utilisation ou reproduction, m\u00eame partielle, des images pr\u00e9sentes sur ce site est interdite sans l&rsquo;autorisation de l&rsquo;auteur.<br \/><em>Any reproduction, representation, use or modification of the pictures of this website is prohibited without the prior permission of the photographer.<\/em><\/div><\/div><div class=\"panel panel-5 panel-last\"><h3 class=\"panel-title\"><a href=\"#\">MENTIONS LEGALES<\/a><\/h3><div class=\"panel-content\">\n<p style=\"text-align: justify\"><span style=\"font-family: Arial, sans-serif\"><span style=\"font-size: small\">1. PR\u00c9SENTATION DU SITE<br \/>En vertu de l&rsquo;article 6 de la loi n\u00b0 2004-575 du 21 juin 2004 pour la confiance dans l&rsquo;\u00e9conomie num\u00e9rique, il est pr\u00e9cis\u00e9 aux utilisateurs du site <i>www.cyrillelallement.com<\/i> l&rsquo;identit\u00e9 des diff\u00e9rents intervenants dans le cadre de sa r\u00e9alisation et de son suivi :<br \/>Propri\u00e9taire: Cyrille Lallement \u2013 SIRET 51413501100013 \u2013 42 rue de la Reunion 75020 Paris . <\/span><\/span><span style=\"font-family: Arial, sans-serif\"><span style=\"font-size: small\">H\u00e9bergeur : IONOS SARL \u2013 7 place de la Gare BP 70109 57200 Sarreguemines<\/span><\/span><\/p>\n<p style=\"text-align: justify\"><span style=\"font-family: Arial, sans-serif\"><span style=\"font-size: small\">2. CONDITIONS G\u00c9N\u00c9RALES D\u2019UTILISATION DU SITE ET DES SERVICES PROPOS\u00c9S<br \/>L\u2019utilisation du site <i>www.cyrillelallement.com<\/i> implique l\u2019acceptation pleine et enti\u00e8re des conditions g\u00e9n\u00e9rales d\u2019utilisation ci-apr\u00e8s d\u00e9crites.<\/span><\/span><\/p>\n<p><span style=\"font-family: Arial, sans-serif\"><span style=\"font-size: small\">3. LIMITATIONS CONTRACTUELLES SUR LES DONN\u00c9ES TECHNIQUES<br \/>Le site utilise la technologie javaScript par wordpress. Le site ne pourra \u00eatre tenu responsable de dommages mat\u00e9riels li\u00e9s \u00e0 l\u2019utilisation du site. De plus, l\u2019utilisateur du site s\u2019engage \u00e0 acc\u00e9der au site en utilisant un mat\u00e9riel r\u00e9cent, ne contenant pas de virus et avec un navigateur de derni\u00e8re g\u00e9n\u00e9ration mis-\u00e0-jour.<\/span><\/span><\/p>\n<p><span style=\"font-family: Arial, sans-serif\"><span style=\"font-size: small\">4. PROPRI\u00c9T\u00c9 INTELLECTUELLE ET CONTREFA\u00c7ONS<br \/>Cyrille Lallement est propri\u00e9taire des droits de propri\u00e9t\u00e9 intellectuelle ou d\u00e9tient les droits d\u2019usage sur tous les \u00e9l\u00e9ments accessibles sur le site, notamment les textes, images, graphismes, logo, ic\u00f4nes, sons, logiciels. Toute reproduction, repr\u00e9sentation, modification, publication, adaptation de tout ou partie des \u00e9l\u00e9ments du site, quel que soit le moyen ou le proc\u00e9d\u00e9 utilis\u00e9, est interdite, sauf autorisation \u00e9crite pr\u00e9alable de : Cyrille Lallement. Toute exploitation non autoris\u00e9e du site ou de l\u2019un quelconque des \u00e9l\u00e9ments qu\u2019il contient sera consid\u00e9r\u00e9e comme constitutive d\u2019une contrefa\u00e7on et poursuivie conform\u00e9ment aux dispositions des articles L.335-2 et suivants du Code de Propri\u00e9t\u00e9 Intellectuelle.<\/span><\/span><\/p>\n<p><span style=\"font-family: Arial, sans-serif\"><span style=\"font-size: small\">5. LIMITATIONS DE RESPONSABILIT\u00c9<br \/>Cyrille Lallement ne pourra \u00eatre tenu responsable des dommages directs et indirects caus\u00e9s au mat\u00e9riel de l\u2019utilisateur, lors de l\u2019acc\u00e8s au site <i>www.cyrillelallement.com<\/i>, et r\u00e9sultant soit de l\u2019utilisation d\u2019un mat\u00e9riel ne r\u00e9pondant pas aux sp\u00e9cifications indiqu\u00e9es, soit de l\u2019apparition d\u2019un bug ou d\u2019une incompatibilit\u00e9.<\/span><\/span><\/p>\n<p><span style=\"font-family: Arial, sans-serif\"><span style=\"font-size: small\">6. GESTION DES DONN\u00c9ES PERSONNELLES<br \/>En France, les donn\u00e9es personnelles sont notamment prot\u00e9g\u00e9es par la loi n\u00b0 78-87 du 6 janvier 1978, la loi n\u00b0 2004-801 du 6 ao\u00fbt 2004, l&rsquo;article L. 226-13 du Code p\u00e9nal et la Directive Europ\u00e9enne du 24 octobre 1995. A l&rsquo;occasion de l&rsquo;utilisation du site\u00a0<i>www.cyrillelallement.com <\/i>, peuvent \u00eatres recueillies : l&rsquo;URL des liens par l&rsquo;interm\u00e9diaire desquels l&rsquo;utilisateur a acc\u00e9d\u00e9 au site\u00a0<i>www.cyrillelallement.com <\/i>, le fournisseur d&rsquo;acc\u00e8s de l&rsquo;utilisateur, l&rsquo;adresse de protocole Internet (IP) de l&rsquo;utilisateur. Aucune information personnelle de l&rsquo;utilisateur du site <i>www.cyrillelallement.com<\/i> n&rsquo;est publi\u00e9e \u00e0 l&rsquo;insu de l&rsquo;utilisateur, \u00e9chang\u00e9e, transf\u00e9r\u00e9e, c\u00e9d\u00e9e ou vendue sur un support quelconque \u00e0 des tiers.<\/span><\/span><\/p>\n<p><span style=\"font-family: Arial, sans-serif\"><span style=\"font-size: small\">7. DROIT APPLICABLE ET ATTRIBUTION DE JURIDICTION<br \/>Tout litige en relation avec l\u2019utilisation du site <i>www.cyrillelallement.com<\/i> est soumis au droit fran\u00e7ais.<br \/>Loi n\u00b0 78-87 du 6 janvier 1978, notamment modifi\u00e9e par la loi n\u00b0 2004-801 du 6 ao\u00fbt 2004 relative \u00e0 l&rsquo;informatique, aux fichiers et aux libert\u00e9s. Loi n\u00b0 2004-575 du 21 juin 2004 pour la confiance dans l&rsquo;\u00e9conomie num\u00e9rique.<\/span><\/span><\/div><\/div><\/div><\/p>\n<\/div><\/div>\n","protected":false},"excerpt":{"rendered":"<div class=\"wrap-excerpt-more\"><a class=\"excerpt-more\" href=\"https:\/\/www.cyrillelallement.com\/?page_id=61\">Read more<\/a><\/div>\n","protected":false},"author":1,"featured_media":0,"parent":0,"menu_order":0,"comment_status":"closed","ping_status":"closed","template":"template-contacts.php","meta":{"footnotes":""},"class_list":["post-61","page","type-page","status-publish","hentry","post--no-featured-image"],"_links":{"self":[{"href":"https:\/\/www.cyrillelallement.com\/index.php?rest_route=\/wp\/v2\/pages\/61","targetHints":{"allow":["GET"]}}],"collection":[{"href":"https:\/\/www.cyrillelallement.com\/index.php?rest_route=\/wp\/v2\/pages"}],"about":[{"href":"https:\/\/www.cyrillelallement.com\/index.php?rest_route=\/wp\/v2\/types\/page"}],"author":[{"embeddable":true,"href":"https:\/\/www.cyrillelallement.com\/index.php?rest_route=\/wp\/v2\/users\/1"}],"replies":[{"embeddable":true,"href":"https:\/\/www.cyrillelallement.com\/index.php?rest_route=%2Fwp%2Fv2%2Fcomments&post=61"}],"version-history":[{"count":49,"href":"https:\/\/www.cyrillelallement.com\/index.php?rest_route=\/wp\/v2\/pages\/61\/revisions"}],"predecessor-version":[{"id":3108,"href":"https:\/\/www.cyrillelallement.com\/index.php?rest_route=\/wp\/v2\/pages\/61\/revisions\/3108"}],"wp:attachment":[{"href":"https:\/\/www.cyrillelallement.com\/index.php?rest_route=%2Fwp%2Fv2%2Fmedia&parent=61"}],"curies":[{"name":"wp","href":"https:\/\/api.w.org\/{rel}","templated":true}]}}